{"id":1663,"date":"2026-01-02T12:07:28","date_gmt":"2026-01-02T12:07:28","guid":{"rendered":"https:\/\/princessontheboard.pl\/?page_id=1663"},"modified":"2026-01-15T06:22:12","modified_gmt":"2026-01-15T06:22:12","slug":"maroko","status":"publish","type":"page","link":"https:\/\/princessontheboard.pl\/?page_id=1663","title":{"rendered":"Maroko"},"content":{"rendered":"<section class=\"l-section wpb_row height_medium\"><div class=\"l-section-h i-cf\"><div class=\"g-cols vc_row via_grid cols_1 laptops-cols_inherit tablets-cols_inherit mobiles-cols_1 valign_top type_default stacking_default\"><div class=\"wpb_column vc_column_container\"><div class=\"vc_column-inner\"><div class=\"wpb_text_column\"><div class=\"wpb_wrapper\"><p data-start=\"321\" data-end=\"674\">Je\u015bli marzysz o doskonaleniu swoich umiej\u0119tno\u015bci windsurfingowych w wyj\u0105tkowych warunkach, <strong data-start=\"412\" data-end=\"434\">Essaouira w Maroku, <\/strong>to strza\u0142 w dziesi\u0105tk\u0119. Sta\u0142e, przewidywalne wiatry Atlantyku, szeroka pla\u017ca, otwarta przestrze\u0144 i surferska atmosfera sprawiaj\u0105, \u017ce to jedno z najlepszych miejsc do nauki i progresu.<\/p>\n<p data-start=\"676\" data-end=\"1032\">To Maroko inne ni\u017c wszystkie \u2013 spokojniejsze, bardziej europejskie w klimacie, z wyra\u017anym surferskim luzem. Idealne miejsce, by skupi\u0107 si\u0119 na sobie, ruchu i kontakcie z natur\u0105. Po intensywnych treningach na wodzie mo\u017cesz zrelaksowa\u0107 si\u0119 na pla\u017cy, spacerowa\u0107 po klimatycznej medynie lub zje\u015b\u0107 kolacj\u0119 na rooftopie, podziwiaj\u0105c zach\u00f3d s\u0142o\u0144ca nad Atlantykiem.<\/p>\n<p data-start=\"1034\" data-end=\"1133\">To nie tylko szkolenie \u2013 to <strong data-start=\"1062\" data-end=\"1079\">do\u015bwiadczenie<\/strong>, kt\u00f3re \u0142\u0105czy sport, regeneracj\u0119 i kobiec\u0105 przestrze\u0144.<\/p>\n<h3 data-start=\"1135\" data-end=\"1183\">Korzy\u015bci z po\u0142\u0105czenia jogi z windsurfingiem:<\/h3>\n<ul data-start=\"1185\" data-end=\"1653\">\n<li data-start=\"1185\" data-end=\"1291\">\n<p data-start=\"1187\" data-end=\"1291\"><strong data-start=\"1187\" data-end=\"1212\">Zwi\u0119kszenie r\u00f3wnowagi<\/strong> \u2013 joga buduje stabilno\u015b\u0107 i \u015bwiadomo\u015b\u0107 cia\u0142a, kluczowe przy p\u0142ywaniu na desce<\/p>\n<\/li>\n<li data-start=\"1292\" data-end=\"1397\">\n<p data-start=\"1294\" data-end=\"1397\"><strong data-start=\"1294\" data-end=\"1319\">Poprawa elastyczno\u015bci<\/strong> \u2013 wi\u0119kszy zakres ruchu to \u0142atwiejsze manewrowanie i lepsza kontrola sprz\u0119tu<\/p>\n<\/li>\n<li data-start=\"1398\" data-end=\"1522\">\n<p data-start=\"1400\" data-end=\"1522\"><strong data-start=\"1400\" data-end=\"1423\">Lepsza koncentracja<\/strong> \u2013 praca z oddechem i uwa\u017cno\u015bci\u0105 pomaga zachowa\u0107 spok\u00f3j na wodzie, nawet przy silniejszym wietrze.<\/p>\n<\/li>\n<\/ul>\n<h3 data-start=\"1655\" data-end=\"1667\">Oferuj\u0119:<\/h3>\n<ul>\n<li data-start=\"1669\" data-end=\"1767\">\n<p data-start=\"1671\" data-end=\"1767\">kursy windsurfingowe dla \u015bredniozaawansowanych i zaawansowanych.<\/p>\n<\/li>\n<li data-start=\"1768\" data-end=\"1850\">\n<p data-start=\"1770\" data-end=\"1850\">praktyk\u0119 jogi i techniki oddechowe wspieraj\u0105ce r\u00f3wnowag\u0119, si\u0142\u0119 i flow na desce<\/p>\n<\/li>\n<li data-start=\"1901\" data-end=\"2008\">\n<p data-start=\"1903\" data-end=\"2008\">indywidualne podej\u015bcie i kameralne grupy, aby ka\u017cda uczestniczka mog\u0142a czu\u0107 si\u0119 zaopiekowana i swobodna<\/p>\n<\/li>\n<li data-start=\"1901\" data-end=\"2008\">Jedyn\u0105 w swoim rodzaju Princess Lycre<\/li>\n<li>Photo\/Video analiz\u0119 z sesji na wodzie<\/li>\n<\/ul>\n<p data-start=\"2010\" data-end=\"2299\">Je\u015bli marzysz o po\u0142\u0105czeniu aktywno\u015bci na wodzie z regeneracj\u0105 na l\u0105dzie, <strong data-start=\"2083\" data-end=\"2107\">Wind &amp; Yoga w Maroku<\/strong> to idealna okazja dla Ciebie. Wsp\u00f3lnie b\u0119dziemy pracowa\u0107 nad technik\u0105, si\u0142\u0105 i r\u00f3wnowag\u0105 podczas windsurfingu, a nast\u0119pnie zadbamy o cia\u0142o i spok\u00f3j umys\u0142u poprzez \u015bwiadomie dobrane sesje jogi.<\/p>\n<p data-start=\"2301\" data-end=\"2371\"><strong data-start=\"2301\" data-end=\"2363\">Wiatr, ocean, joga i kobieca energia \u2013 witaj w Essaouirze.<\/strong> \ud83c\udf0a\ud83e\uddd8\u200d\u2640\ufe0f<\/p>\n<\/div><\/div><h2 class=\"w-text us_custom_ace5142f\"><span class=\"w-text-h\"><span class=\"w-text-value\">zapraszam na szkolenia wind &#038; yoga<\/span><\/span><\/h2><h5 class=\"w-text us_custom_eb948370 has_text_color\"><span class=\"w-text-h\"><span class=\"w-text-value\">Wybierz termin poni\u017cej aby dowiedzie\u0107 si\u0119 szczeg\u00f3\u0142\u00f3w i zapisa\u0107 na szkolenie.<\/span><\/span><\/h5><div class=\"w-grid us_grid type_grid layout_1163 cols_3 preload_style_spinner\" id=\"us_grid_1\" style=\"--columns:3;--gap:1rem;\"><style>@media (max-width:1024px){#us_grid_1{--columns:2!important}}@media (max-width:600px){#us_grid_1{--columns:1!important}}.layout_1163 .w-grid-item-h{}.layout_1163 .usg_post_image_1{padding-bottom:0.3rem!important}.layout_1163 .usg_post_title_1{font-size:calc( 18px + 0.3vmax )!important}.layout_1163 .usg_post_custom_field_3{text-align:right!important}<\/style><div class=\"w-grid-list\">\t<article class=\"w-grid-item size_1x1 post-1670 us_portfolio type-us_portfolio status-publish has-post-thumbnail hentry us_portfolio_category-maroko us_portfolio_tag-maroko\" data-id=\"1670\">\r\n\t\t<div class=\"w-grid-item-h\">\r\n\t\t\t\t\t\t<div class=\"w-post-elm post_image usg_post_image_1 has_ratio\"><a href=\"https:\/\/princessontheboard.pl\/?us_portfolio=maroko\" aria-label=\"Maroko\"><img loading=\"lazy\" decoding=\"async\" width=\"1024\" height=\"1024\" src=\"https:\/\/princessontheboard.pl\/wp-content\/uploads\/2026\/01\/maroko-2-1024x1024.png\" class=\"attachment-large size-large wp-post-image\" alt=\"\" \/><\/a><div style=\"padding-bottom:100%\"><\/div><\/div><div class=\"w-hwrapper usg_hwrapper_2 align_justify valign_stretch\"><h2 class=\"w-post-elm post_title usg_post_title_1 align_left entry-title color_link_inherit\"><a href=\"https:\/\/princessontheboard.pl\/?us_portfolio=maroko\">Maroko<\/a><\/h2><div class=\"w-post-elm post_custom_field usg_post_custom_field_3 type_text nazwa_specjalna color_link_inherit\"><a href=\"https:\/\/princessontheboard.pl\/?us_portfolio=maroko\"><span class=\"w-post-elm-value\">Ocean Woman<\/span><\/a><\/div><\/div><div class=\"w-hwrapper usg_hwrapper_1 align_justify valign_top\"><div class=\"w-post-elm post_custom_field usg_post_custom_field_1 type_text Od- color_link_inherit\"><span class=\"w-post-elm-before\">Od: <\/span><a href=\"https:\/\/princessontheboard.pl\/?us_portfolio=maroko\"><span class=\"w-post-elm-value\">25.04.2026<\/span><\/a><\/div><div class=\"w-post-elm post_custom_field usg_post_custom_field_2 type_text Do- color_link_inherit\"><span class=\"w-post-elm-before\">Do: <\/span><a href=\"https:\/\/princessontheboard.pl\/?us_portfolio=maroko\"><span class=\"w-post-elm-value\">02.05.2026<\/span><\/a><\/div><\/div>\t\t<\/div>\r\n\t\t\t<\/article>\r\n<\/div>\t<div class=\"w-grid-preloader\">\r\n\t\t<div class=\"g-preloader type_1\">\r\n\t\t\t<div><\/div>\r\n\t\t<\/div>\r\n\t<\/div>\r\n\t\t<div class=\"w-grid-json hidden\" onclick='return {&quot;action&quot;:&quot;us_ajax_grid&quot;,&quot;infinite_scroll&quot;:0,&quot;max_num_pages&quot;:1,&quot;pagination&quot;:&quot;none&quot;,&quot;template_vars&quot;:{&quot;columns&quot;:&quot;3&quot;,&quot;exclude_items&quot;:&quot;none&quot;,&quot;img_size&quot;:&quot;default&quot;,&quot;ignore_items_size&quot;:0,&quot;items_layout&quot;:&quot;1163&quot;,&quot;items_offset&quot;:&quot;1&quot;,&quot;load_animation&quot;:&quot;none&quot;,&quot;overriding_link&quot;:&quot;{\\&quot;url\\&quot;:\\&quot;\\&quot;}&quot;,&quot;post_id&quot;:0,&quot;query_args&quot;:{&quot;ignore_sticky_posts&quot;:1,&quot;post_type&quot;:&quot;any&quot;,&quot;post__in&quot;:[&quot;1670&quot;],&quot;posts_per_page&quot;:&quot;8&quot;},&quot;orderby_query_args&quot;:{&quot;orderby&quot;:{&quot;modified&quot;:&quot;DESC&quot;,&quot;date&quot;:&quot;DESC&quot;}},&quot;type&quot;:&quot;grid&quot;,&quot;us_grid_post_type&quot;:&quot;ids&quot;,&quot;us_grid_ajax_index&quot;:1,&quot;us_grid_filter_query_string&quot;:null,&quot;us_grid_index&quot;:1,&quot;page_args&quot;:[]}}'><\/div>\r\n\t<\/div><div class=\"g-cols wpb_row via_grid cols_1 laptops-cols_inherit tablets-cols_inherit mobiles-cols_1 valign_top type_default stacking_default\" style=\"--columns-gap:3rem;\"><div class=\"wpb_column vc_column_container\"><div class=\"vc_column-inner\"><div class=\"w-btn-wrapper align_right\"><a class=\"w-btn us-btn-style_1 us_custom_5c07cc07\" href=\"https:\/\/princessontheboard.pl\/#courses\"><span class=\"w-btn-label\">WOLISZ INNE MIEJSCE?<\/span><\/a><\/div><\/div><\/div><\/div><\/div><\/div><\/div><\/div><\/section>\n","protected":false},"excerpt":{"rendered":"","protected":false},"author":1,"featured_media":0,"parent":0,"menu_order":0,"comment_status":"closed","ping_status":"closed","template":"","meta":{"_acf_changed":false,"footnotes":""},"class_list":["post-1663","page","type-page","status-publish","hentry"],"acf":[],"aioseo_notices":[],"_links":{"self":[{"href":"https:\/\/princessontheboard.pl\/index.php?rest_route=\/wp\/v2\/pages\/1663","targetHints":{"allow":["GET"]}}],"collection":[{"href":"https:\/\/princessontheboard.pl\/index.php?rest_route=\/wp\/v2\/pages"}],"about":[{"href":"https:\/\/princessontheboard.pl\/index.php?rest_route=\/wp\/v2\/types\/page"}],"author":[{"embeddable":true,"href":"https:\/\/princessontheboard.pl\/index.php?rest_route=\/wp\/v2\/users\/1"}],"replies":[{"embeddable":true,"href":"https:\/\/princessontheboard.pl\/index.php?rest_route=%2Fwp%2Fv2%2Fcomments&post=1663"}],"version-history":[{"count":4,"href":"https:\/\/princessontheboard.pl\/index.php?rest_route=\/wp\/v2\/pages\/1663\/revisions"}],"predecessor-version":[{"id":1722,"href":"https:\/\/princessontheboard.pl\/index.php?rest_route=\/wp\/v2\/pages\/1663\/revisions\/1722"}],"wp:attachment":[{"href":"https:\/\/princessontheboard.pl\/index.php?rest_route=%2Fwp%2Fv2%2Fmedia&parent=1663"}],"curies":[{"name":"wp","href":"https:\/\/api.w.org\/{rel}","templated":true}]}}