{"id":1218,"date":"2025-02-01T18:37:35","date_gmt":"2025-02-01T18:37:35","guid":{"rendered":"https:\/\/princessontheboard.pl\/?page_id=1218"},"modified":"2025-02-01T20:30:18","modified_gmt":"2025-02-01T20:30:18","slug":"mauritius","status":"publish","type":"page","link":"https:\/\/princessontheboard.pl\/?page_id=1218","title":{"rendered":"Mauritius"},"content":{"rendered":"<section class=\"l-section wpb_row height_medium\"><div class=\"l-section-h i-cf\"><div class=\"g-cols vc_row via_grid cols_1 laptops-cols_inherit tablets-cols_inherit mobiles-cols_1 valign_top type_default stacking_default\"><div class=\"wpb_column vc_column_container\"><div class=\"vc_column-inner\"><h1 class=\"w-text us_custom_93e82fda\"><span class=\"w-text-h\"><span class=\"w-text-value\">Windsurfing i joga \u2013 aktywno\u015b\u0107 na rajskim mauritiusue<\/span><\/span><\/h1><h2 class=\"w-text us_custom_ace5142f\"><span class=\"w-text-h\"><span class=\"w-text-value\">Czas na po\u0142\u0105czenie windsurfingu, jogi i egzotycznego relaksu na jednej z najpi\u0119kniejszych wysp \u015bwiata!<\/span><\/span><\/h2><div class=\"wpb_text_column\"><div class=\"wpb_wrapper\"><div dir=\"ltr\"><span>Nasz program to idealna okazja, by oderwa\u0107 si\u0119 od codzienno\u015bci, odnale\u017a\u0107 wewn\u0119trzny spok\u00f3j i poczu\u0107 si\u0119 w pe\u0142ni zaopiekowan\u0105. Po\u015br\u00f3d tropikalnych pla\u017c i b\u0142\u0119kitnych lagun, po\u0142\u0105czymy dynamiczne sesje windsurfingowe z relaksuj\u0105cymi zaj\u0119ciami jogi, kt\u00f3re pomog\u0105 w rozlu\u017anieniu cia\u0142a i umys\u0142u.<\/span><\/div>\n<div dir=\"ltr\"><\/div>\n<div dir=\"ltr\">\n<div><strong>Co oferujemy?<\/strong><\/div>\n<div><\/div>\n<ul>\n<li><strong>Profesjonalne lekcje windsurfingu<\/strong> &#8211; dostosowane do r\u00f3\u017cnych poziom\u00f3w zaawansowania \u2013 zar\u00f3wno dla pocz\u0105tkuj\u0105cych, jak i zaawansowanych pasjonatek sport\u00f3w wodnych.<\/li>\n<li><strong>Codzienne sesje jogi<\/strong> &#8211; poranne zaj\u0119cia na pla\u017cy, kt\u00f3re pozwol\u0105 Ci rozci\u0105gn\u0105\u0107 cia\u0142o, zbalansowa\u0107 energi\u0119 i wprowadzi\u0107 w stan g\u0142\u0119bokiego relaksu.<\/li>\n<li><strong>Indywidualne podej\u015bcie <\/strong>&#8211;\u00a0do ka\u017cdej uczestniczki \u2013 nasza do\u015bwiadczona kadra instruktorska zapewni wsparcie zar\u00f3wno na wodzie, jak i na macie.<\/li>\n<li><strong>Rajski Mauritius<\/strong> \u2013 niepowtarzalne widoki, ciep\u0142a woda, bia\u0142e pla\u017ce i intensywnie zielona ro\u015blinno\u015b\u0107 to doskona\u0142e t\u0142o dla relaksu i aktywno\u015bci na \u015bwie\u017cym powietrzu<\/li>\n<\/ul>\n<p><span>\u00a0<\/span><\/p>\n<\/div>\n<div dir=\"ltr\">\n<h5><strong>Korzy\u015bci z po\u0142\u0105czenia jogi z windsurfingiem:<\/strong><\/h5>\n<ul>\n<li><strong>Zwi\u0119kszenie r\u00f3wnowagi:<\/strong><span>\u00a0<\/span>Joga pomaga w budowaniu stabilno\u015bci, co jest kluczowe przy utrzymaniu r\u00f3wnowagi na desce.<\/li>\n<li><strong>Poprawa elastyczno\u015bci:<\/strong><span>\u00a0<\/span>Wi\u0119ksza elastyczno\u015b\u0107 pozwala na \u0142atwiejsze manewrowanie cia\u0142em na desce i lepsz\u0105 kontrol\u0119 nad sprz\u0119tem.<\/li>\n<li><strong>Lepsza koncentracja:<\/strong><span>\u00a0<\/span>Praktyki mindfulness i koncentracja na oddechu w jodze pomagaj\u0105 utrzyma\u0107 spok\u00f3j na wodzie, co jest niezb\u0119dne, zw\u0142aszcza w trudniejszych warunkach wiatrowych.<\/li>\n<li><strong>Regeneracja:<\/strong><span>\u00a0<\/span>Sesje jogi po windsurfingu pomagaj\u0105 w szybszej regeneracji mi\u0119\u015bni, co jest kluczowe, gdy trenujesz intensywnie<\/li>\n<\/ul>\n<p><strong>Zapraszam do zapoznania si\u0119 z moimi kursami windsurfingowymi z jog\u0105 na przepi\u0119knym Mauritiusie<\/strong><span>\u00a0<\/span><img decoding=\"async\" class=\"an1\" draggable=\"false\" src=\"https:\/\/fonts.gstatic.com\/s\/e\/notoemoji\/16.0\/1f30a\/32.png\" alt=\"\ud83c\udf0a\" data-emoji=\"\ud83c\udf0a\" aria-label=\"\ud83c\udf0a\" \/><img decoding=\"async\" class=\"an1\" draggable=\"false\" src=\"https:\/\/fonts.gstatic.com\/s\/e\/notoemoji\/16.0\/1f9d8_200d_2640_fe0f\/32.png\" alt=\"\ud83e\uddd8\u200d\u2640\ufe0f\" data-emoji=\"\ud83e\uddd8\u200d\u2640\ufe0f\" aria-label=\"\ud83e\uddd8\u200d\u2640\ufe0f\" \/><\/p>\n<div>\n<div dir=\"auto\">\n<p><span>To wyjazd, kt\u00f3ry pozwoli Ci zadba\u0107 o swoje cia\u0142o, umys\u0142 i ducha, po\u0142\u0105czony z aktywnym wypoczynkiem w jednym z najpi\u0119kniejszych miejsc na \u015bwiecie. Zarezerwuj swoje miejsce ju\u017c teraz i pozw\u00f3l sobie na odrobin\u0119 luksusu oraz niezapomniane wspomnienia!<\/span><\/p>\n<\/div>\n<\/div>\n<\/div>\n<\/div><\/div><h5 class=\"w-text us_custom_eb948370 has_text_color\"><span class=\"w-text-h\"><span class=\"w-text-value\">Wybierz termin poni\u017cej aby dowiedzie\u0107 si\u0119 szczeg\u00f3\u0142\u00f3w i zapisa\u0107 na szkolenie.<\/span><\/span><\/h5><div class=\"w-grid us_grid type_grid layout_1163 cols_3 preload_style_spinner\" id=\"us_grid_1\" style=\"--columns:3;--gap:1rem;\" data-filterable=\"true\"><style>@media (max-width:1024px){#us_grid_1{--columns:2!important}}@media (max-width:600px){#us_grid_1{--columns:1!important}}.layout_1163 .w-grid-item-h{}.layout_1163 .usg_post_image_1{padding-bottom:0.3rem!important}.layout_1163 .usg_post_title_1{font-size:calc( 18px + 0.3vmax )!important}.layout_1163 .usg_post_custom_field_3{text-align:right!important}<\/style><div class=\"w-grid-list\">\t<article class=\"w-grid-item size_1x1 post-1221 us_portfolio type-us_portfolio status-publish has-post-thumbnail hentry us_portfolio_category-mauritius us_portfolio_tag-mauritius\" data-id=\"1221\">\r\n\t\t<div class=\"w-grid-item-h\">\r\n\t\t\t\t\t\t<div class=\"w-post-elm post_image usg_post_image_1 has_ratio\"><a href=\"https:\/\/princessontheboard.pl\/?us_portfolio=queen-vibes\" aria-label=\"Mauritius\"><img loading=\"lazy\" decoding=\"async\" width=\"1024\" height=\"1024\" src=\"https:\/\/princessontheboard.pl\/wp-content\/uploads\/2025\/02\/konkretny-wyjazd-2-9-kopia-1024x1024.png\" class=\"attachment-large size-large wp-post-image\" alt=\"\" \/><\/a><div style=\"padding-bottom:100%\"><\/div><\/div><div class=\"w-hwrapper usg_hwrapper_2 align_justify valign_stretch\"><h2 class=\"w-post-elm post_title usg_post_title_1 align_left entry-title color_link_inherit\"><a href=\"https:\/\/princessontheboard.pl\/?us_portfolio=queen-vibes\">Mauritius<\/a><\/h2><div class=\"w-post-elm post_custom_field usg_post_custom_field_3 type_text nazwa_specjalna color_link_inherit\"><a href=\"https:\/\/princessontheboard.pl\/?us_portfolio=queen-vibes\"><span class=\"w-post-elm-value\">Queen Vibes<\/span><\/a><\/div><\/div><div class=\"w-hwrapper usg_hwrapper_1 align_justify valign_top\"><div class=\"w-post-elm post_custom_field usg_post_custom_field_1 type_text Od- color_link_inherit\"><span class=\"w-post-elm-before\">Od: <\/span><a href=\"https:\/\/princessontheboard.pl\/?us_portfolio=queen-vibes\"><span class=\"w-post-elm-value\">13.10.2026<\/span><\/a><\/div><div class=\"w-post-elm post_custom_field usg_post_custom_field_2 type_text Do- color_link_inherit\"><span class=\"w-post-elm-before\">Do: <\/span><a href=\"https:\/\/princessontheboard.pl\/?us_portfolio=queen-vibes\"><span class=\"w-post-elm-value\">20.10.2026<\/span><\/a><\/div><\/div>\t\t<\/div>\r\n\t\t\t<\/article>\r\n<\/div>\t<div class=\"w-grid-preloader\">\r\n\t\t<div class=\"g-preloader type_1\">\r\n\t\t\t<div><\/div>\r\n\t\t<\/div>\r\n\t<\/div>\r\n\t\t<div class=\"w-grid-json hidden\" onclick='return {&quot;action&quot;:&quot;us_ajax_grid&quot;,&quot;infinite_scroll&quot;:0,&quot;max_num_pages&quot;:1,&quot;pagination&quot;:&quot;none&quot;,&quot;template_vars&quot;:{&quot;columns&quot;:&quot;3&quot;,&quot;exclude_items&quot;:&quot;none&quot;,&quot;img_size&quot;:&quot;default&quot;,&quot;ignore_items_size&quot;:0,&quot;items_layout&quot;:&quot;1163&quot;,&quot;items_offset&quot;:&quot;1&quot;,&quot;load_animation&quot;:&quot;none&quot;,&quot;overriding_link&quot;:&quot;{\\&quot;url\\&quot;:\\&quot;\\&quot;}&quot;,&quot;post_id&quot;:0,&quot;query_args&quot;:{&quot;post_type&quot;:[&quot;us_portfolio&quot;],&quot;tax_query&quot;:[{&quot;taxonomy&quot;:&quot;us_portfolio_category&quot;,&quot;field&quot;:&quot;slug&quot;,&quot;terms&quot;:[&quot;mauritius&quot;]}],&quot;post_status&quot;:[&quot;publish&quot;,&quot;acf-disabled&quot;],&quot;posts_per_page&quot;:&quot;8&quot;},&quot;orderby_query_args&quot;:{&quot;orderby&quot;:{&quot;date&quot;:&quot;DESC&quot;}},&quot;type&quot;:&quot;grid&quot;,&quot;us_grid_post_type&quot;:&quot;us_portfolio&quot;,&quot;us_grid_ajax_index&quot;:1,&quot;us_grid_filter_query_string&quot;:null,&quot;us_grid_index&quot;:1,&quot;page_args&quot;:[]}}'><\/div>\r\n\t<\/div><div class=\"g-cols wpb_row via_grid cols_1 laptops-cols_inherit tablets-cols_inherit mobiles-cols_1 valign_top type_default stacking_default\" style=\"--columns-gap:3rem;\"><div class=\"wpb_column vc_column_container\"><div class=\"vc_column-inner\"><div class=\"w-btn-wrapper align_right\"><a class=\"w-btn us-btn-style_1 us_custom_5c07cc07\" href=\"https:\/\/princessontheboard.pl\/#courses\"><span class=\"w-btn-label\">WOLISZ INNE MIEJSCE?<\/span><\/a><\/div><\/div><\/div><\/div><\/div><\/div><\/div><\/div><\/section>\n","protected":false},"excerpt":{"rendered":"","protected":false},"author":1,"featured_media":0,"parent":0,"menu_order":0,"comment_status":"closed","ping_status":"closed","template":"","meta":{"_acf_changed":false,"footnotes":""},"class_list":["post-1218","page","type-page","status-publish","hentry"],"acf":[],"aioseo_notices":[],"_links":{"self":[{"href":"https:\/\/princessontheboard.pl\/index.php?rest_route=\/wp\/v2\/pages\/1218","targetHints":{"allow":["GET"]}}],"collection":[{"href":"https:\/\/princessontheboard.pl\/index.php?rest_route=\/wp\/v2\/pages"}],"about":[{"href":"https:\/\/princessontheboard.pl\/index.php?rest_route=\/wp\/v2\/types\/page"}],"author":[{"embeddable":true,"href":"https:\/\/princessontheboard.pl\/index.php?rest_route=\/wp\/v2\/users\/1"}],"replies":[{"embeddable":true,"href":"https:\/\/princessontheboard.pl\/index.php?rest_route=%2Fwp%2Fv2%2Fcomments&post=1218"}],"version-history":[{"count":7,"href":"https:\/\/princessontheboard.pl\/index.php?rest_route=\/wp\/v2\/pages\/1218\/revisions"}],"predecessor-version":[{"id":1271,"href":"https:\/\/princessontheboard.pl\/index.php?rest_route=\/wp\/v2\/pages\/1218\/revisions\/1271"}],"wp:attachment":[{"href":"https:\/\/princessontheboard.pl\/index.php?rest_route=%2Fwp%2Fv2%2Fmedia&parent=1218"}],"curies":[{"name":"wp","href":"https:\/\/api.w.org\/{rel}","templated":true}]}}