{"id":1087,"date":"2024-12-11T16:29:13","date_gmt":"2024-12-11T16:29:13","guid":{"rendered":"https:\/\/princessontheboard.pl\/?page_id=1087"},"modified":"2025-02-08T08:15:15","modified_gmt":"2025-02-08T08:15:15","slug":"1087-2","status":"publish","type":"page","link":"https:\/\/princessontheboard.pl\/?page_id=1087","title":{"rendered":"Blog"},"content":{"rendered":"<section class=\"l-section wpb_row height_large\"><div class=\"l-section-h i-cf\"><div class=\"g-cols vc_row via_grid cols_1 laptops-cols_inherit tablets-cols_inherit mobiles-cols_1 valign_top type_default stacking_default\"><div class=\"wpb_column vc_column_container\"><div class=\"vc_column-inner\"><h1 class=\"w-text us_custom_93e82fda\"><span class=\"w-text-h\"><span class=\"w-text-value\">Windsurfing i Joga \u2013 Harmonia na Fali i Macie<\/span><\/span><\/h1><div class=\"wpb_text_column\"><div class=\"wpb_wrapper\"><p>Cze\u015b\u0107!\u00a0<\/p>\n<p>Na naszym blogu \u0142\u0105czymy dwie pasje \u2013 <strong>energi\u0119 sport\u00f3w wodnych<\/strong> z <strong>relaksem i r\u00f3wnowag\u0105 jogi<\/strong>. To wyj\u0105tkowe po\u0142\u0105czenie pozwala czerpa\u0107 pe\u0142ni\u0119 rado\u015bci zar\u00f3wno z aktywno\u015bci fizycznej, jak i regeneracji umys\u0142u.<\/p>\n<p>Dowiedz si\u0119, jak techniki jogi wspieraj\u0105 rozw\u00f3j w windsurfingu, pomagaj\u0105c w poprawie r\u00f3wnowagi, koncentracji i si\u0142y. Poznaj korzy\u015bci p\u0142yn\u0105ce z \u0142\u0105czenia tych dw\u00f3ch \u015bwiat\u00f3w \u2013 od lepszej kondycji i elastyczno\u015bci po poczucie harmonii i spokoju.<\/p>\n<p>Zapraszamy do odkrywania inspiruj\u0105cych historii, praktycznych porad i relacji z wyjazd\u00f3w szkoleniowych, kt\u00f3re organizujemy dla kobiet takich jak Ty. Znajdziesz tutaj nie tylko wiedz\u0119, ale i motywacj\u0119 do wyruszenia w podr\u00f3\u017c \u2013 zar\u00f3wno t\u0119 fizyczn\u0105, jak i wewn\u0119trzn\u0105.<\/p>\n<p><strong>Wejd\u017a na fale, odnajd\u017a r\u00f3wnowag\u0119 na macie i odkryj nasz \u015bwiat pe\u0142en inspiracji!<\/strong><\/p>\n<\/div><\/div><div class=\"w-separator size_custom\" style=\"height:1rem\"><\/div><div class=\"w-grid us_grid type_grid layout_1080 cols_3 pagination_regular overflow_hidden preload_style_spinner\" id=\"us_grid_1\" style=\"--columns:3;--gap:1.5rem;\" data-filterable=\"true\"><style>@media (max-width:1024px){#us_grid_1{--columns:2!important}}@media (max-width:600px){#us_grid_1{--columns:1!important}}.layout_1080 .w-grid-item-h{background:var(--color-content-bg);color:var(--color-content-text);border-radius:0.3rem;box-shadow:0 0.03rem 0.06rem rgba(0,0,0,0.1),0 0.1rem 0.3rem rgba(0,0,0,0.1);transition-duration:0.3s}.no-touch .layout_1080 .w-grid-item-h:hover{box-shadow:0 0.1rem 0.2rem rgba(0,0,0,0.1),0 0.33rem 1rem rgba(0,0,0,0.15);z-index:4}.layout_1080 .usg_post_image_1{margin-bottom:1rem!important}.layout_1080 .usg_post_title_1{font-size:1.4rem!important;font-weight:700!important;margin-bottom:0.5rem!important}.layout_1080 .usg_hwrapper_1{color:var(--color-content-faded)!important;font-size:0.9rem!important;margin-bottom:0.5rem!important}<\/style><div class=\"w-grid-list\">\t<article class=\"w-grid-item size_1x1 post-1810 post type-post status-publish format-standard has-post-thumbnail hentry category-uncategorized tag-biodra tag-jestem-silna tag-joga tag-kobiety tag-mam-tak-samo-jak-ty tag-mobilnoscbioder tag-najlepszyspotwindsurfingowy tag-pewnosc-siebie tag-prasonisi tag-rest tag-szkolenia-dla-kobiet tag-thebestspot tag-trapez-windsurfingowy tag-windsurfing tag-wspierajmy-sie tag-wypoczynek\" data-id=\"1810\">\r\n\t\t<div class=\"w-grid-item-h\">\r\n\t\t\t\t\t\t<div class=\"w-post-elm post_image usg_post_image_1 stretched\"><a href=\"https:\/\/princessontheboard.pl\/?p=1810\" aria-label=\"Jak naprawd\u0119 wypocz\u0105\u0107\"><img loading=\"lazy\" decoding=\"async\" width=\"1024\" height=\"680\" src=\"https:\/\/princessontheboard.pl\/wp-content\/uploads\/2026\/03\/IMG_6836-1024x680.jpeg\" class=\"attachment-large size-large wp-post-image\" alt=\"\" srcset=\"https:\/\/princessontheboard.pl\/wp-content\/uploads\/2026\/03\/IMG_6836-1024x680.jpeg 1024w, https:\/\/princessontheboard.pl\/wp-content\/uploads\/2026\/03\/IMG_6836-300x199.jpeg 300w, https:\/\/princessontheboard.pl\/wp-content\/uploads\/2026\/03\/IMG_6836.jpeg 2048w\" sizes=\"auto, (max-width: 1024px) 100vw, 1024px\" \/><\/a><\/div><h2 class=\"w-post-elm post_title usg_post_title_1 entry-title color_link_inherit\"><a href=\"https:\/\/princessontheboard.pl\/?p=1810\">Jak naprawd\u0119 wypocz\u0105\u0107<\/a><\/h2><div class=\"w-hwrapper usg_hwrapper_1 has_text_color align_none valign_top wrap has-link\"><time class=\"w-post-elm post_date usg_post_date_1 entry-date published\" datetime=\"2026-03-30T11:46:23+00:00\" title=\"30 marca 2026 o 11:46:23 +00:00\">2 miesi\u0105ce temu<\/time><a href=\"https:\/\/princessontheboard.pl\/?p=1810\" class=\"w-vwrapper-link smooth-scroll\" aria-label=\"Odno\u015bnik\"><\/a><\/div><div class=\"w-hwrapper usg_hwrapper_2 align_none valign_top has-link\"><div class=\"w-post-elm post_content usg_post_content_1\">Jak naprawd\u0119 odpocz\u0105\u0107? Tak naprawd\u0119 sprawa odpoczynku jest kwesti\u0105 indywidualn\u0105. Nie b\u0119dzie to dziwne, je\u017celi powiem Ci, \u017ce najlepszy odpoczynek b\u0119dzie aktywny, ale te\u017c niekoniecznie. Ot\u00f3\u017c wszystko zale\u017cy od tego,&hellip;<\/div><a href=\"https:\/\/princessontheboard.pl\/?p=1810\" class=\"w-vwrapper-link smooth-scroll\" aria-label=\"Odno\u015bnik\"><\/a><\/div>\t\t<\/div>\r\n\t\t\t<\/article>\r\n\t<article class=\"w-grid-item size_1x1 post-1803 post type-post status-publish format-standard has-post-thumbnail hentry category-uncategorized tag-biodra tag-jestem-silna tag-joga tag-kobiety tag-mam-tak-samo-jak-ty tag-mobilnoscbioder tag-najlepszyspotwindsurfingowy tag-pewnosc-siebie tag-prasonisi tag-szkolenia-dla-kobiet tag-thebestspot tag-trapez-windsurfingowy tag-windsurfing tag-wspierajmy-sie\" data-id=\"1803\">\r\n\t\t<div class=\"w-grid-item-h\">\r\n\t\t\t\t\t\t<div class=\"w-post-elm post_image usg_post_image_1 stretched\"><a href=\"https:\/\/princessontheboard.pl\/?p=1803\" aria-label=\"Mobility bioder- dlaczego masz spi\u0119te plecy?\"><img loading=\"lazy\" decoding=\"async\" width=\"1024\" height=\"679\" src=\"https:\/\/princessontheboard.pl\/wp-content\/uploads\/2026\/03\/DSC_1483-1024x679.jpeg\" class=\"attachment-large size-large wp-post-image\" alt=\"\" srcset=\"https:\/\/princessontheboard.pl\/wp-content\/uploads\/2026\/03\/DSC_1483-1024x679.jpeg 1024w, https:\/\/princessontheboard.pl\/wp-content\/uploads\/2026\/03\/DSC_1483-300x199.jpeg 300w\" sizes=\"auto, (max-width: 1024px) 100vw, 1024px\" \/><\/a><\/div><h2 class=\"w-post-elm post_title usg_post_title_1 entry-title color_link_inherit\"><a href=\"https:\/\/princessontheboard.pl\/?p=1803\">Mobility bioder- dlaczego masz spi\u0119te plecy?<\/a><\/h2><div class=\"w-hwrapper usg_hwrapper_1 has_text_color align_none valign_top wrap has-link\"><time class=\"w-post-elm post_date usg_post_date_1 entry-date published\" datetime=\"2026-03-29T13:04:50+00:00\" title=\"29 marca 2026 o 13:04:50 +00:00\">2 miesi\u0105ce temu<\/time><a href=\"https:\/\/princessontheboard.pl\/?p=1803\" class=\"w-vwrapper-link smooth-scroll\" aria-label=\"Odno\u015bnik\"><\/a><\/div><div class=\"w-hwrapper usg_hwrapper_2 align_none valign_top has-link\"><div class=\"w-post-elm post_content usg_post_content_1\">Mobility bioder \u2013 dlaczego masz spi\u0119te plecy? B\u00f3l i napi\u0119cie w plecach to jedna z najcz\u0119stszych dolegliwo\u015bci, z jakimi si\u0119 spotykam. I bardzo cz\u0119sto pierwsza my\u015bl jest prosta: \u201emam problem&hellip;<\/div><a href=\"https:\/\/princessontheboard.pl\/?p=1803\" class=\"w-vwrapper-link smooth-scroll\" aria-label=\"Odno\u015bnik\"><\/a><\/div>\t\t<\/div>\r\n\t\t\t<\/article>\r\n\t<article class=\"w-grid-item size_1x1 post-1799 post type-post status-publish format-standard has-post-thumbnail hentry category-uncategorized tag-jestem-silna tag-kobiety tag-mam-tak-samo-jak-ty tag-najlepszyspotwindsurfingowy tag-pewnosc-siebie tag-prasonisi tag-szkolenia-dla-kobiet tag-thebestspot tag-trapez-windsurfingowy tag-windsurfing tag-wspierajmy-sie\" data-id=\"1799\">\r\n\t\t<div class=\"w-grid-item-h\">\r\n\t\t\t\t\t\t<div class=\"w-post-elm post_image usg_post_image_1 stretched\"><a href=\"https:\/\/princessontheboard.pl\/?p=1799\" aria-label=\"Prasonisi &#8211; dlaczego jest to najlepsze miejsce do nauki\"><img loading=\"lazy\" decoding=\"async\" width=\"1024\" height=\"684\" src=\"https:\/\/princessontheboard.pl\/wp-content\/uploads\/2026\/01\/dd436d4e-1033-4475-b852-8af8f36006b4-1024x684.jpeg\" class=\"attachment-large size-large wp-post-image\" alt=\"\" srcset=\"https:\/\/princessontheboard.pl\/wp-content\/uploads\/2026\/01\/dd436d4e-1033-4475-b852-8af8f36006b4-1024x684.jpeg 1024w, https:\/\/princessontheboard.pl\/wp-content\/uploads\/2026\/01\/dd436d4e-1033-4475-b852-8af8f36006b4-300x200.jpeg 300w, https:\/\/princessontheboard.pl\/wp-content\/uploads\/2026\/01\/dd436d4e-1033-4475-b852-8af8f36006b4.jpeg 1600w\" sizes=\"auto, (max-width: 1024px) 100vw, 1024px\" \/><\/a><\/div><h2 class=\"w-post-elm post_title usg_post_title_1 entry-title color_link_inherit\"><a href=\"https:\/\/princessontheboard.pl\/?p=1799\">Prasonisi &#8211; dlaczego jest to najlepsze miejsce do nauki<\/a><\/h2><div class=\"w-hwrapper usg_hwrapper_1 has_text_color align_none valign_top wrap has-link\"><time class=\"w-post-elm post_date usg_post_date_1 entry-date published\" datetime=\"2026-03-29T12:21:09+00:00\" title=\"29 marca 2026 o 12:21:09 +00:00\">2 miesi\u0105ce temu<\/time><a href=\"https:\/\/princessontheboard.pl\/?p=1799\" class=\"w-vwrapper-link smooth-scroll\" aria-label=\"Odno\u015bnik\"><\/a><\/div><div class=\"w-hwrapper usg_hwrapper_2 align_none valign_top has-link\"><div class=\"w-post-elm post_content usg_post_content_1\">Prasonisi \u2013 najlepsze miejsce do nauki windsurfingu Prasonisi \u2013 kto raz tam pojedzie, co roku chce wraca\u0107. Pierwszy raz pojecha\u0142am tam, kiedy mia\u0142am oko\u0142o 22 lat. Wyjazd by\u0142 spontaniczny \u2013&hellip;<\/div><a href=\"https:\/\/princessontheboard.pl\/?p=1799\" class=\"w-vwrapper-link smooth-scroll\" aria-label=\"Odno\u015bnik\"><\/a><\/div>\t\t<\/div>\r\n\t\t\t<\/article>\r\n\t<article class=\"w-grid-item size_1x1 post-1785 post type-post status-publish format-standard has-post-thumbnail hentry category-uncategorized tag-jestem-silna tag-kobiety tag-mam-tak-samo-jak-ty tag-pewnosc-siebie tag-szkolenia-dla-kobiet tag-trapez-windsurfingowy tag-windsurfing tag-wspierajmy-sie\" data-id=\"1785\">\r\n\t\t<div class=\"w-grid-item-h\">\r\n\t\t\t\t\t\t<div class=\"w-post-elm post_image usg_post_image_1 stretched\"><a href=\"https:\/\/princessontheboard.pl\/?p=1785\" aria-label=\"MAM TAK SAMO JAK TY!\"><img loading=\"lazy\" decoding=\"async\" width=\"1024\" height=\"679\" src=\"https:\/\/princessontheboard.pl\/wp-content\/uploads\/2025\/02\/DSC_2142-1024x679.jpg\" class=\"attachment-large size-large wp-post-image\" alt=\"\" srcset=\"https:\/\/princessontheboard.pl\/wp-content\/uploads\/2025\/02\/DSC_2142-1024x679.jpg 1024w, https:\/\/princessontheboard.pl\/wp-content\/uploads\/2025\/02\/DSC_2142-300x199.jpg 300w\" sizes=\"auto, (max-width: 1024px) 100vw, 1024px\" \/><\/a><\/div><h2 class=\"w-post-elm post_title usg_post_title_1 entry-title color_link_inherit\"><a href=\"https:\/\/princessontheboard.pl\/?p=1785\">MAM TAK SAMO JAK TY!<\/a><\/h2><div class=\"w-hwrapper usg_hwrapper_1 has_text_color align_none valign_top wrap has-link\"><time class=\"w-post-elm post_date usg_post_date_1 entry-date published\" datetime=\"2026-03-14T08:54:34+00:00\" title=\"14 marca 2026 o 08:54:34 +00:00\">2 miesi\u0105ce temu<\/time><a href=\"https:\/\/princessontheboard.pl\/?p=1785\" class=\"w-vwrapper-link smooth-scroll\" aria-label=\"Odno\u015bnik\"><\/a><\/div><div class=\"w-hwrapper usg_hwrapper_2 align_none valign_top has-link\"><div class=\"w-post-elm post_content usg_post_content_1\">\u201eBy\u0107 kobiet\u0105, by\u0107 kobiet\u0105\u2026\u201d \u2013 tiaa\u2026 Mam takie wra\u017cenie, \u017ce my, kobiety, bierzemy na siebie zdecydowanie za du\u017co. Czujemy odpowiedzialno\u015b\u0107 za wszystko: za dzieci, rodzic\u00f3w, m\u0119\u017ca czy partnera, za nastroje&hellip;<\/div><a href=\"https:\/\/princessontheboard.pl\/?p=1785\" class=\"w-vwrapper-link smooth-scroll\" aria-label=\"Odno\u015bnik\"><\/a><\/div>\t\t<\/div>\r\n\t\t\t<\/article>\r\n\t<article class=\"w-grid-item size_1x1 post-1781 post type-post status-publish format-standard has-post-thumbnail hentry category-uncategorized tag-szkolenia-dla-kobiet tag-trapez-windsurfingowy tag-windsurfing\" data-id=\"1781\">\r\n\t\t<div class=\"w-grid-item-h\">\r\n\t\t\t\t\t\t<div class=\"w-post-elm post_image usg_post_image_1 stretched\"><a href=\"https:\/\/princessontheboard.pl\/?p=1781\" aria-label=\"WPI\u0118CIE SI\u0118 W TRAPEZ\"><img loading=\"lazy\" decoding=\"async\" width=\"1024\" height=\"684\" src=\"https:\/\/princessontheboard.pl\/wp-content\/uploads\/2026\/01\/50a146bd-fafc-41ca-a4c8-8ef58edd332a-1024x684.jpeg\" class=\"attachment-large size-large wp-post-image\" alt=\"\" srcset=\"https:\/\/princessontheboard.pl\/wp-content\/uploads\/2026\/01\/50a146bd-fafc-41ca-a4c8-8ef58edd332a-1024x684.jpeg 1024w, https:\/\/princessontheboard.pl\/wp-content\/uploads\/2026\/01\/50a146bd-fafc-41ca-a4c8-8ef58edd332a-300x200.jpeg 300w, https:\/\/princessontheboard.pl\/wp-content\/uploads\/2026\/01\/50a146bd-fafc-41ca-a4c8-8ef58edd332a.jpeg 1600w\" sizes=\"auto, (max-width: 1024px) 100vw, 1024px\" \/><\/a><\/div><h2 class=\"w-post-elm post_title usg_post_title_1 entry-title color_link_inherit\"><a href=\"https:\/\/princessontheboard.pl\/?p=1781\">WPI\u0118CIE SI\u0118 W TRAPEZ<\/a><\/h2><div class=\"w-hwrapper usg_hwrapper_1 has_text_color align_none valign_top wrap has-link\"><time class=\"w-post-elm post_date usg_post_date_1 entry-date published\" datetime=\"2026-03-11T12:44:46+00:00\" title=\"11 marca 2026 o 12:44:46 +00:00\">2 miesi\u0105ce temu<\/time><a href=\"https:\/\/princessontheboard.pl\/?p=1781\" class=\"w-vwrapper-link smooth-scroll\" aria-label=\"Odno\u015bnik\"><\/a><\/div><div class=\"w-hwrapper usg_hwrapper_2 align_none valign_top has-link\"><div class=\"w-post-elm post_content usg_post_content_1\">Wpi\u0119cie si\u0119 w trapez \u2013 kolejny etap w windsurfingu Wpi\u0119cie si\u0119 w trapez jest kolejnym etapem szkolenia na windsurfingu.Bardzo wa\u017cne jest, aby zacz\u0105\u0107 p\u0142ywa\u0107 w trapezie dopiero wtedy, gdy czujesz&hellip;<\/div><a href=\"https:\/\/princessontheboard.pl\/?p=1781\" class=\"w-vwrapper-link smooth-scroll\" aria-label=\"Odno\u015bnik\"><\/a><\/div>\t\t<\/div>\r\n\t\t\t<\/article>\r\n\t<article class=\"w-grid-item size_1x1 post-1773 post type-post status-publish format-standard has-post-thumbnail hentry category-uncategorized\" data-id=\"1773\">\r\n\t\t<div class=\"w-grid-item-h\">\r\n\t\t\t\t\t\t<div class=\"w-post-elm post_image usg_post_image_1 stretched\"><a href=\"https:\/\/princessontheboard.pl\/?p=1773\" aria-label=\"NIE LUBI\u0118 JOGI\"><img loading=\"lazy\" decoding=\"async\" width=\"1024\" height=\"683\" src=\"https:\/\/princessontheboard.pl\/wp-content\/uploads\/2026\/03\/DSC_1876-1024x683.jpeg\" class=\"attachment-large size-large wp-post-image\" alt=\"\" srcset=\"https:\/\/princessontheboard.pl\/wp-content\/uploads\/2026\/03\/DSC_1876-1024x683.jpeg 1024w, https:\/\/princessontheboard.pl\/wp-content\/uploads\/2026\/03\/DSC_1876-300x200.jpeg 300w\" sizes=\"auto, (max-width: 1024px) 100vw, 1024px\" \/><\/a><\/div><h2 class=\"w-post-elm post_title usg_post_title_1 entry-title color_link_inherit\"><a href=\"https:\/\/princessontheboard.pl\/?p=1773\">NIE LUBI\u0118 JOGI<\/a><\/h2><div class=\"w-hwrapper usg_hwrapper_1 has_text_color align_none valign_top wrap has-link\"><time class=\"w-post-elm post_date usg_post_date_1 entry-date published\" datetime=\"2026-03-10T10:31:25+00:00\" title=\"10 marca 2026 o 10:31:25 +00:00\">2 miesi\u0105ce temu<\/time><a href=\"https:\/\/princessontheboard.pl\/?p=1773\" class=\"w-vwrapper-link smooth-scroll\" aria-label=\"Odno\u015bnik\"><\/a><\/div><div class=\"w-hwrapper usg_hwrapper_2 align_none valign_top has-link\"><div class=\"w-post-elm post_content usg_post_content_1\">Cz\u0119sto s\u0142ysz\u0119 od moich uczestniczek:\u201eNie lubi\u0119 jogi\u201d albo \u201eJoga nie jest dla mnie, bo nie jestem wystarczaj\u0105co rozci\u0105gni\u0119ta\u201d. I naprawd\u0119 to rozumiem.Sama kiedy\u015b tak my\u015bla\u0142am. Wydawa\u0142o mi si\u0119, \u017ce joga&hellip;<\/div><a href=\"https:\/\/princessontheboard.pl\/?p=1773\" class=\"w-vwrapper-link smooth-scroll\" aria-label=\"Odno\u015bnik\"><\/a><\/div>\t\t<\/div>\r\n\t\t\t<\/article>\r\n<\/div>\t<div class=\"w-grid-preloader\">\r\n\t\t<div class=\"g-preloader type_1\">\r\n\t\t\t<div><\/div>\r\n\t\t<\/div>\r\n\t<\/div>\r\n\t\t\t\t<nav class=\"pagination navigation\" role=\"navigation\">\r\n\t\t\t\t<div class=\"nav-links\">\r\n\t\t\t\t\t<span aria-current=\"page\" class=\"page-numbers current\"><span>1<\/span><\/span>\n<a class=\"page-numbers\" href=\"https:\/\/princessontheboard.pl\/index.php\/?paged=2&#038;rest_route=%2Fwp%2Fv2%2Fpages%2F1087\"><span>2<\/span><\/a>\n<a class=\"next page-numbers\" href=\"https:\/\/princessontheboard.pl\/index.php\/?paged=2&#038;rest_route=%2Fwp%2Fv2%2Fpages%2F1087\"><span>Nast\u0119pny<\/span><\/a>\t\t\t\t<\/div>\r\n\t\t\t<\/nav>\r\n\t\t\t\t<div class=\"w-grid-json hidden\" onclick='return {&quot;action&quot;:&quot;us_ajax_grid&quot;,&quot;infinite_scroll&quot;:0,&quot;max_num_pages&quot;:2,&quot;pagination&quot;:&quot;regular&quot;,&quot;template_vars&quot;:{&quot;columns&quot;:&quot;3&quot;,&quot;exclude_items&quot;:&quot;none&quot;,&quot;img_size&quot;:&quot;default&quot;,&quot;ignore_items_size&quot;:0,&quot;items_layout&quot;:&quot;1080&quot;,&quot;items_offset&quot;:&quot;1&quot;,&quot;load_animation&quot;:&quot;none&quot;,&quot;overriding_link&quot;:&quot;{\\&quot;url\\&quot;:\\&quot;\\&quot;}&quot;,&quot;post_id&quot;:0,&quot;query_args&quot;:{&quot;post_type&quot;:[&quot;post&quot;],&quot;post_status&quot;:[&quot;publish&quot;,&quot;acf-disabled&quot;],&quot;posts_per_page&quot;:&quot;6&quot;},&quot;orderby_query_args&quot;:{&quot;orderby&quot;:{&quot;date&quot;:&quot;DESC&quot;}},&quot;type&quot;:&quot;grid&quot;,&quot;us_grid_post_type&quot;:&quot;post&quot;,&quot;us_grid_ajax_index&quot;:1,&quot;us_grid_filter_query_string&quot;:null,&quot;us_grid_index&quot;:1,&quot;page_args&quot;:[]}}'><\/div>\r\n\t<\/div><div class=\"w-separator size_small\"><\/div><div class=\"w-btn-wrapper align_right\"><a class=\"w-btn us-btn-style_1\" href=\"https:\/\/princessontheboard.pl\"><span class=\"w-btn-label\">STRONA G\u0141\u00d3WNA<\/span><\/a><\/div><\/div><\/div><\/div><\/div><\/section>\n","protected":false},"excerpt":{"rendered":"","protected":false},"author":1,"featured_media":0,"parent":0,"menu_order":0,"comment_status":"closed","ping_status":"closed","template":"","meta":{"_acf_changed":false,"footnotes":""},"class_list":["post-1087","page","type-page","status-publish","hentry"],"acf":[],"aioseo_notices":[],"_links":{"self":[{"href":"https:\/\/princessontheboard.pl\/index.php?rest_route=\/wp\/v2\/pages\/1087","targetHints":{"allow":["GET"]}}],"collection":[{"href":"https:\/\/princessontheboard.pl\/index.php?rest_route=\/wp\/v2\/pages"}],"about":[{"href":"https:\/\/princessontheboard.pl\/index.php?rest_route=\/wp\/v2\/types\/page"}],"author":[{"embeddable":true,"href":"https:\/\/princessontheboard.pl\/index.php?rest_route=\/wp\/v2\/users\/1"}],"replies":[{"embeddable":true,"href":"https:\/\/princessontheboard.pl\/index.php?rest_route=%2Fwp%2Fv2%2Fcomments&post=1087"}],"version-history":[{"count":14,"href":"https:\/\/princessontheboard.pl\/index.php?rest_route=\/wp\/v2\/pages\/1087\/revisions"}],"predecessor-version":[{"id":1382,"href":"https:\/\/princessontheboard.pl\/index.php?rest_route=\/wp\/v2\/pages\/1087\/revisions\/1382"}],"wp:attachment":[{"href":"https:\/\/princessontheboard.pl\/index.php?rest_route=%2Fwp%2Fv2%2Fmedia&parent=1087"}],"curies":[{"name":"wp","href":"https:\/\/api.w.org\/{rel}","templated":true}]}}